{"id":636,"date":"2017-05-23T15:37:21","date_gmt":"2017-05-23T15:37:21","guid":{"rendered":"http:\/\/www.ushuaiaoutdoors.com.ar\/en\/?page_id=636"},"modified":"2019-02-17T04:50:06","modified_gmt":"2019-02-17T04:50:06","slug":"our-team","status":"publish","type":"page","link":"https:\/\/ushuaiaoutdoors.com.ar\/en\/our-team\/","title":{"rendered":"OUR TEAM"},"content":{"rendered":"\n<style type=\"text\/css\" data-created_by=\"avia_inline_auto\" id=\"style-css-av-av_section-a2e17bbaf34e0734af53dee9a4bb5b49\">\n.avia-section.av-av_section-a2e17bbaf34e0734af53dee9a4bb5b49{\nbackground-color:#2c353d;\n}\n<\/style>\n<div id='av_section_1'  class='avia-section av-av_section-a2e17bbaf34e0734af53dee9a4bb5b49 main_color avia-section-small avia-no-shadow  avia-builder-el-0  el_before_av_one_third  avia-builder-el-first  avia-bg-style-scroll  container_wrap sidebar_right'  ><div class='container av-section-cont-open' ><main  role=\"main\" itemprop=\"mainContentOfPage\"  class='template-page content  av-content-small alpha units'><div class='post-entry post-entry-type-page post-entry-636'><div class='entry-content-wrapper clearfix'>\n\n<style type=\"text\/css\" data-created_by=\"avia_inline_auto\" id=\"style-css-av-av_heading-25b082527918a96a3cd5c561f815e862\">\n#top .av-special-heading.av-av_heading-25b082527918a96a3cd5c561f815e862{\npadding-bottom:10px;\ncolor:#ffffff;\nfont-size:40px;\n}\n.av-special-heading.av-av_heading-25b082527918a96a3cd5c561f815e862 .special-heading-inner-border{\nborder-color:#ffffff;\n}\n<\/style>\n<div  class='av-special-heading av-av_heading-25b082527918a96a3cd5c561f815e862 av-special-heading-h2 custom-color-heading blockquote modern-quote modern-centered  avia-builder-el-1  avia-builder-el-no-sibling  av-inherit-size '><h2 class='av-special-heading-tag '  itemprop=\"headline\"  >Our Team<\/h2><div class='special-heading-border'><div class='special-heading-inner-border'><\/div><\/div><\/div>\n<\/div><\/div><\/main><!-- close content main element --><\/div><\/div><div id='after_section_1'  class='main_color av_default_container_wrap container_wrap sidebar_right'  ><div class='container av-section-cont-open' ><div class='template-page content  av-content-small alpha units'><div class='post-entry post-entry-type-page post-entry-636'><div class='entry-content-wrapper clearfix'>\n\n<style type=\"text\/css\" data-created_by=\"avia_inline_auto\" id=\"style-css-av-av_one_third-6126cab7d8fab8d08143dd2dacdf673c\">\n.flex_column.av-av_one_third-6126cab7d8fab8d08143dd2dacdf673c{\nborder-radius:0px 0px 0px 0px;\n-webkit-border-radius:0px 0px 0px 0px;\n-moz-border-radius:0px 0px 0px 0px;\n}\n<\/style>\n<div class='flex_column av-av_one_third-6126cab7d8fab8d08143dd2dacdf673c av_one_third  avia-builder-el-2  el_after_av_section  el_before_av_two_third  avia-builder-el-first  first flex_column_div av-zero-column-padding '   ><style type=\"text\/css\" data-created_by=\"avia_inline_auto\" id=\"style-css-av-av_image-06fa0298d642a9fe2f2e9bc92ad85acb\">\n.avia-image-container.av-av_image-06fa0298d642a9fe2f2e9bc92ad85acb .av-image-caption-overlay-center{\ncolor:#ffffff;\n}\n<\/style>\n<div  class='avia-image-container av-av_image-06fa0298d642a9fe2f2e9bc92ad85acb av-styling- avia-align-center  avia-builder-el-3  avia-builder-el-no-sibling  '  itemprop=\"image\" itemscope=\"itemscope\" itemtype=\"https:\/\/schema.org\/ImageObject\" ><div class=\"avia-image-container-inner\"><div class=\"avia-image-overlay-wrap\"><img class='wp-image-651 avia-img-lazy-loading-not-651 avia_image' src='https:\/\/ushuaiaoutdoors.com.ar\/en\/wp-content\/uploads\/2017\/05\/Jorge-Horacio-Fernandez-1.jpg' alt='' title='Jorge Horacio Fernandez'  height=\"300\" width=\"300\"  itemprop=\"thumbnailUrl\"  \/><\/div><\/div><\/div><\/div>\n\n<style type=\"text\/css\" data-created_by=\"avia_inline_auto\" id=\"style-css-av-av_two_third-0aa7055fe62c3622faec82866afbaeb2\">\n.flex_column.av-av_two_third-0aa7055fe62c3622faec82866afbaeb2{\nborder-radius:0px 0px 0px 0px;\n-webkit-border-radius:0px 0px 0px 0px;\n-moz-border-radius:0px 0px 0px 0px;\n}\n<\/style>\n<div class='flex_column av-av_two_third-0aa7055fe62c3622faec82866afbaeb2 av_two_third  avia-builder-el-4  el_after_av_one_third  el_before_av_hr  flex_column_div av-zero-column-padding '   ><p>\n<style type=\"text\/css\" data-created_by=\"avia_inline_auto\" id=\"style-css-av-av_heading-91a42332ed6e345dbb8de3c5586ecdd9\">\n#top .av-special-heading.av-av_heading-91a42332ed6e345dbb8de3c5586ecdd9{\npadding-bottom:10px;\ncolor:#d6b319;\n}\n.av-special-heading.av-av_heading-91a42332ed6e345dbb8de3c5586ecdd9 .special-heading-inner-border{\nborder-color:#d6b319;\n}\n<\/style>\n<div  class='av-special-heading av-av_heading-91a42332ed6e345dbb8de3c5586ecdd9 av-special-heading-h2 custom-color-heading blockquote modern-quote  avia-builder-el-5  el_before_av_textblock  avia-builder-el-first  '><h2 class='av-special-heading-tag '  itemprop=\"headline\"  >Jorge Horacio Fernandez<\/h2><div class='special-heading-border'><div class='special-heading-inner-border'><\/div><\/div><\/div><br \/>\n<section class=\"av_textblock_section \"  itemscope=\"itemscope\" itemtype=\"https:\/\/schema.org\/CreativeWork\" ><div class='avia_textblock  '   itemprop=\"text\" ><p>He was born in the city of Rio Gallegos, Santa Cruz province.<br \/>\nHe moved to Ushuaia in 1989 when he was working for the Bank of Tierra del Fuego at various managerial posts.<br \/>\nSince 1996 he worked as a consultant for local tour companies, and finally devoted himself to the tourism business as a travel agent.<\/p>\n<\/div><\/section><\/p><\/div>\n<div  class='hr av-av_hr-8c1d5a908a63b24f9edc040d1b3fa0a0 hr-full  avia-builder-el-7  el_after_av_two_third  el_before_av_one_third  hr-no-shadow '><span class='hr-inner '><span class=\"hr-inner-style\"><\/span><\/span><\/div>\n\n<style type=\"text\/css\" data-created_by=\"avia_inline_auto\" id=\"style-css-av-av_one_third-6126cab7d8fab8d08143dd2dacdf673c\">\n.flex_column.av-av_one_third-6126cab7d8fab8d08143dd2dacdf673c{\nborder-radius:0px 0px 0px 0px;\n-webkit-border-radius:0px 0px 0px 0px;\n-moz-border-radius:0px 0px 0px 0px;\n}\n<\/style>\n<div class='flex_column av-av_one_third-6126cab7d8fab8d08143dd2dacdf673c av_one_third  avia-builder-el-8  el_after_av_hr  el_before_av_two_third  first flex_column_div av-zero-column-padding '   ><style type=\"text\/css\" data-created_by=\"avia_inline_auto\" id=\"style-css-av-av_image-60676ec780a96f25bbc985fabb6b95e8\">\n.avia-image-container.av-av_image-60676ec780a96f25bbc985fabb6b95e8 .av-image-caption-overlay-center{\ncolor:#ffffff;\n}\n<\/style>\n<div  class='avia-image-container av-av_image-60676ec780a96f25bbc985fabb6b95e8 av-styling- avia-align-center  avia-builder-el-9  avia-builder-el-no-sibling  '  itemprop=\"image\" itemscope=\"itemscope\" itemtype=\"https:\/\/schema.org\/ImageObject\" ><div class=\"avia-image-container-inner\"><div class=\"avia-image-overlay-wrap\"><img class='wp-image-653 avia-img-lazy-loading-not-653 avia_image' src='https:\/\/ushuaiaoutdoors.com.ar\/en\/wp-content\/uploads\/2017\/05\/Marcela-1-300x300.jpg' alt='' title='Marcela'  height=\"300\" width=\"300\"  itemprop=\"thumbnailUrl\"  \/><\/div><\/div><\/div><\/div>\n\n<style type=\"text\/css\" data-created_by=\"avia_inline_auto\" id=\"style-css-av-av_two_third-0aa7055fe62c3622faec82866afbaeb2\">\n.flex_column.av-av_two_third-0aa7055fe62c3622faec82866afbaeb2{\nborder-radius:0px 0px 0px 0px;\n-webkit-border-radius:0px 0px 0px 0px;\n-moz-border-radius:0px 0px 0px 0px;\n}\n<\/style>\n<div class='flex_column av-av_two_third-0aa7055fe62c3622faec82866afbaeb2 av_two_third  avia-builder-el-10  el_after_av_one_third  el_before_av_hr  flex_column_div av-zero-column-padding '   ><p>\n<style type=\"text\/css\" data-created_by=\"avia_inline_auto\" id=\"style-css-av-av_heading-fd6ef37f6b87b81a0dd0946c60d0f04b\">\n#top .av-special-heading.av-av_heading-fd6ef37f6b87b81a0dd0946c60d0f04b{\npadding-bottom:10px;\ncolor:#d6b319;\n}\n.av-special-heading.av-av_heading-fd6ef37f6b87b81a0dd0946c60d0f04b .special-heading-inner-border{\nborder-color:#d6b319;\n}\n<\/style>\n<div  class='av-special-heading av-av_heading-fd6ef37f6b87b81a0dd0946c60d0f04b av-special-heading-h2 custom-color-heading blockquote modern-quote  avia-builder-el-11  el_before_av_textblock  avia-builder-el-first  '><h2 class='av-special-heading-tag '  itemprop=\"headline\"  >Marcela M. N\u00fa\u00f1ez<\/h2><div class='special-heading-border'><div class='special-heading-inner-border'><\/div><\/div><\/div><br \/>\n<section class=\"av_textblock_section \"  itemscope=\"itemscope\" itemtype=\"https:\/\/schema.org\/CreativeWork\" ><div class='avia_textblock  '   itemprop=\"text\" ><p>She was born in the city of Rio Gallegos, Santa Cruz province.<br \/>\nShe got a degree in Social Communication from the Cent N\u00ba 11, Ushuaia, Tierra del Fuego, and also graduated as a Technician in Tourism and Guide from the National University of the Patagonia San Juan Bosco.<br \/>\nSince 2006 she\u2019s been working as a freelance guide for different local tour companies. She\u2019s a nature lover. She took several courses taught by the Argentine School of Nature Guides in Ushuaia. She guided Birdwatching workshops for children organized by the End of the World Museum.<br \/>\nShe took seminars and training on Antarctica and got her Nautical\u00a0 Driver License. Afterwards, she worked as a lecturer guide on board the ship <em>Ushuaia<\/em>, during season 2015-2016.<br \/>\nCurrently she works as a tour guide for Ushuaia Outdoors.<\/p>\n<\/div><\/section><\/p><\/div>\n<div  class='hr av-av_hr-8c1d5a908a63b24f9edc040d1b3fa0a0 hr-full  avia-builder-el-13  el_after_av_two_third  el_before_av_one_third  hr-no-shadow '><span class='hr-inner '><span class=\"hr-inner-style\"><\/span><\/span><\/div>\n\n<style type=\"text\/css\" data-created_by=\"avia_inline_auto\" id=\"style-css-av-av_one_third-6126cab7d8fab8d08143dd2dacdf673c\">\n.flex_column.av-av_one_third-6126cab7d8fab8d08143dd2dacdf673c{\nborder-radius:0px 0px 0px 0px;\n-webkit-border-radius:0px 0px 0px 0px;\n-moz-border-radius:0px 0px 0px 0px;\n}\n<\/style>\n<div class='flex_column av-av_one_third-6126cab7d8fab8d08143dd2dacdf673c av_one_third  avia-builder-el-14  el_after_av_hr  el_before_av_two_third  first flex_column_div av-zero-column-padding '   ><style type=\"text\/css\" data-created_by=\"avia_inline_auto\" id=\"style-css-av-av_image-0cdc1f1ce632773ac08808b7c7e703c2\">\n.avia-image-container.av-av_image-0cdc1f1ce632773ac08808b7c7e703c2 .av-image-caption-overlay-center{\ncolor:#ffffff;\n}\n<\/style>\n<div  class='avia-image-container av-av_image-0cdc1f1ce632773ac08808b7c7e703c2 av-styling- avia-align-center  avia-builder-el-15  avia-builder-el-no-sibling  '  itemprop=\"image\" itemscope=\"itemscope\" itemtype=\"https:\/\/schema.org\/ImageObject\" ><div class=\"avia-image-container-inner\"><div class=\"avia-image-overlay-wrap\"><img class='wp-image-659 avia-img-lazy-loading-not-659 avia_image' src='https:\/\/ushuaiaoutdoors.com.ar\/en\/wp-content\/uploads\/2017\/05\/Pablo-Camba-300x300.jpg' alt='' title='Pablo Camba'  height=\"300\" width=\"300\"  itemprop=\"thumbnailUrl\"  \/><\/div><\/div><\/div><\/div>\n\n<style type=\"text\/css\" data-created_by=\"avia_inline_auto\" id=\"style-css-av-av_two_third-0aa7055fe62c3622faec82866afbaeb2\">\n.flex_column.av-av_two_third-0aa7055fe62c3622faec82866afbaeb2{\nborder-radius:0px 0px 0px 0px;\n-webkit-border-radius:0px 0px 0px 0px;\n-moz-border-radius:0px 0px 0px 0px;\n}\n<\/style>\n<div class='flex_column av-av_two_third-0aa7055fe62c3622faec82866afbaeb2 av_two_third  avia-builder-el-16  el_after_av_one_third  el_before_av_hr  flex_column_div av-zero-column-padding '   ><p>\n<style type=\"text\/css\" data-created_by=\"avia_inline_auto\" id=\"style-css-av-av_heading-c97a3042a98aa5cea9d909668e4d209a\">\n#top .av-special-heading.av-av_heading-c97a3042a98aa5cea9d909668e4d209a{\npadding-bottom:10px;\ncolor:#d6b319;\n}\n.av-special-heading.av-av_heading-c97a3042a98aa5cea9d909668e4d209a .special-heading-inner-border{\nborder-color:#d6b319;\n}\n<\/style>\n<div  class='av-special-heading av-av_heading-c97a3042a98aa5cea9d909668e4d209a av-special-heading-h2 custom-color-heading blockquote modern-quote  avia-builder-el-17  el_before_av_textblock  avia-builder-el-first  '><h2 class='av-special-heading-tag '  itemprop=\"headline\"  >Pablo Camba<\/h2><div class='special-heading-border'><div class='special-heading-inner-border'><\/div><\/div><\/div><br \/>\n<section class=\"av_textblock_section \"  itemscope=\"itemscope\" itemtype=\"https:\/\/schema.org\/CreativeWork\" ><div class='avia_textblock  '   itemprop=\"text\" ><p><strong>He was born in R\u00edo Negro Province, and he had a Degree at Universidad Nacional del Comahue.<\/strong><br \/>\nProud of our natural and cultural resources is that he decided to study at the Univerity to be a tour guide. His goal is to show and to make known in a funny way his beloved \u201cTierra del Fuego\u201d.<br \/>\nBeagle Channel waters caught his attention when he arrived in Ushuaia 8 years ago, which required him to become a special sailor, motor yacht pattern and profesional diver.<br \/>\nHe is very restless and curious, tries to be trained permanently and to complement his guide-seafarer profile, he carried out courses like Crowd control, First Aids, Fire Control, Survival at sea, Restricted radio Operator, Port Security, etc.<br \/>\nLooking for work with families or small groups, obtained the profesional driver\u00b4s Licence, being able to make exclusive services.<br \/>\nThe opportunity to have in \u201chis house\u00b4s yard \u201cthe mountain Range, with its glaciers and lagoons, took him to walk the landscapes hidden in the fuegian bowels.<br \/>\nThe ice fields and penguins in Antarctica revealed to him that his destiny was to travel\u2026<br \/>\nSouth America, Oceania, Southwest Asia and Micronesia were matters of Universal History that at present uses as a point of comparison with the history he will tell you\u2026<\/p>\n<\/div><\/section><\/p><\/div>\n<div  class='hr av-av_hr-8c1d5a908a63b24f9edc040d1b3fa0a0 hr-full  avia-builder-el-19  el_after_av_two_third  el_before_av_one_third  hr-no-shadow '><span class='hr-inner '><span class=\"hr-inner-style\"><\/span><\/span><\/div>\n\n<style type=\"text\/css\" data-created_by=\"avia_inline_auto\" id=\"style-css-av-av_one_third-6126cab7d8fab8d08143dd2dacdf673c\">\n.flex_column.av-av_one_third-6126cab7d8fab8d08143dd2dacdf673c{\nborder-radius:0px 0px 0px 0px;\n-webkit-border-radius:0px 0px 0px 0px;\n-moz-border-radius:0px 0px 0px 0px;\n}\n<\/style>\n<div class='flex_column av-av_one_third-6126cab7d8fab8d08143dd2dacdf673c av_one_third  avia-builder-el-20  el_after_av_hr  el_before_av_two_third  first flex_column_div av-zero-column-padding '   ><style type=\"text\/css\" data-created_by=\"avia_inline_auto\" id=\"style-css-av-av_image-6d569e1f6821c2f6bc9daf778dde10d1\">\n.avia-image-container.av-av_image-6d569e1f6821c2f6bc9daf778dde10d1 .av-image-caption-overlay-center{\ncolor:#ffffff;\n}\n<\/style>\n<div  class='avia-image-container av-av_image-6d569e1f6821c2f6bc9daf778dde10d1 av-styling- avia-align-center  avia-builder-el-21  avia-builder-el-no-sibling  '  itemprop=\"image\" itemscope=\"itemscope\" itemtype=\"https:\/\/schema.org\/ImageObject\" ><div class=\"avia-image-container-inner\"><div class=\"avia-image-overlay-wrap\"><img class='wp-image-648 avia-img-lazy-loading-not-648 avia_image' src='https:\/\/ushuaiaoutdoors.com.ar\/en\/wp-content\/uploads\/2017\/05\/Mar\u00eda-Ver\u00f3nica-300x300.jpg' alt='' title='Mar\u00eda-Ver\u00f3nica'  height=\"300\" width=\"300\"  itemprop=\"thumbnailUrl\"  \/><\/div><\/div><\/div><\/div>\n\n<style type=\"text\/css\" data-created_by=\"avia_inline_auto\" id=\"style-css-av-av_two_third-0aa7055fe62c3622faec82866afbaeb2\">\n.flex_column.av-av_two_third-0aa7055fe62c3622faec82866afbaeb2{\nborder-radius:0px 0px 0px 0px;\n-webkit-border-radius:0px 0px 0px 0px;\n-moz-border-radius:0px 0px 0px 0px;\n}\n<\/style>\n<div class='flex_column av-av_two_third-0aa7055fe62c3622faec82866afbaeb2 av_two_third  avia-builder-el-22  el_after_av_one_third  el_before_av_hr  flex_column_div av-zero-column-padding '   ><p>\n<style type=\"text\/css\" data-created_by=\"avia_inline_auto\" id=\"style-css-av-av_heading-5c925f061021a8368ec8c1202634e06f\">\n#top .av-special-heading.av-av_heading-5c925f061021a8368ec8c1202634e06f{\npadding-bottom:10px;\ncolor:#d6b319;\n}\n.av-special-heading.av-av_heading-5c925f061021a8368ec8c1202634e06f .special-heading-inner-border{\nborder-color:#d6b319;\n}\n<\/style>\n<div  class='av-special-heading av-av_heading-5c925f061021a8368ec8c1202634e06f av-special-heading-h2 custom-color-heading blockquote modern-quote  avia-builder-el-23  el_before_av_textblock  avia-builder-el-first  '><h2 class='av-special-heading-tag '  itemprop=\"headline\"  >Mar\u00eda Ver\u00f3nica Marietta Iglesias<\/h2><div class='special-heading-border'><div class='special-heading-inner-border'><\/div><\/div><\/div><br \/>\n<section class=\"av_textblock_section \"  itemscope=\"itemscope\" itemtype=\"https:\/\/schema.org\/CreativeWork\" ><div class='avia_textblock  '   itemprop=\"text\" ><p><strong>30 years in Ushuaia!<br \/>\n<\/strong>She got a degree in Social Communication, and also graduated as a Technician in Tourism and Guide from the National University of the Patagonia San Juan Bosco.<br \/>\nShe guides in Spanish, French and English. She dares to do it Portuguese as well. She studied Russian for 4 years and she started learning Chinese.<br \/>\nIn her \u00a0spare time she hikes and explores every corner of \u201cher island\u201d. She knows Antarctica and all of southern Patagonia, both Argentinian and Chilean sides.<br \/>\nShe prepares her guided tours very thoroughly, focusing on the interests, ages, origins of her passengers, and adapting to the type of experience they want. For being a history buff she puts a strong emphasis on this aspect, but she also shares her knowledge of the flora, fauna and the natural environment.<br \/>\nShe has a personal contact with her passengers, among whom many have become dear friends.<br \/>\nShe is looking forward to meet you!<\/p>\n<\/div><\/section><\/p><\/div>\n<div  class='hr av-av_hr-8c1d5a908a63b24f9edc040d1b3fa0a0 hr-full  avia-builder-el-25  el_after_av_two_third  avia-builder-el-last  hr-no-shadow '><span class='hr-inner '><span class=\"hr-inner-style\"><\/span><\/span><\/div>\n","protected":false},"excerpt":{"rendered":"","protected":false},"author":1,"featured_media":0,"parent":0,"menu_order":0,"comment_status":"closed","ping_status":"closed","template":"","meta":{"footnotes":""},"yoast_head":"<!-- This site is optimized with the Yoast SEO plugin v21.1 - https:\/\/yoast.com\/wordpress\/plugins\/seo\/ -->\n<title>OUR TEAM - Ushuaia Outdoors<\/title>\n<meta name=\"robots\" content=\"index, follow, max-snippet:-1, max-image-preview:large, max-video-preview:-1\" \/>\n<link rel=\"canonical\" href=\"https:\/\/ushuaiaoutdoors.com.ar\/en\/our-team\/\" \/>\n<meta property=\"og:locale\" content=\"es_ES\" \/>\n<meta property=\"og:type\" content=\"article\" \/>\n<meta property=\"og:title\" content=\"OUR TEAM - Ushuaia Outdoors\" \/>\n<meta property=\"og:url\" content=\"https:\/\/ushuaiaoutdoors.com.ar\/en\/our-team\/\" \/>\n<meta property=\"og:site_name\" content=\"Ushuaia Outdoors\" \/>\n<meta property=\"article:modified_time\" content=\"2019-02-17T04:50:06+00:00\" \/>\n<meta name=\"twitter:card\" content=\"summary_large_image\" \/>\n<meta name=\"twitter:label1\" content=\"Tiempo de lectura\" \/>\n\t<meta name=\"twitter:data1\" content=\"8 minutos\" \/>\n<script type=\"application\/ld+json\" class=\"yoast-schema-graph\">{\"@context\":\"https:\/\/schema.org\",\"@graph\":[{\"@type\":\"WebPage\",\"@id\":\"https:\/\/ushuaiaoutdoors.com.ar\/en\/our-team\/\",\"url\":\"https:\/\/ushuaiaoutdoors.com.ar\/en\/our-team\/\",\"name\":\"OUR TEAM - Ushuaia Outdoors\",\"isPartOf\":{\"@id\":\"http:\/\/localhost\/ushuaiaoutdoors.en\/#website\"},\"datePublished\":\"2017-05-23T15:37:21+00:00\",\"dateModified\":\"2019-02-17T04:50:06+00:00\",\"breadcrumb\":{\"@id\":\"https:\/\/ushuaiaoutdoors.com.ar\/en\/our-team\/#breadcrumb\"},\"inLanguage\":\"es\",\"potentialAction\":[{\"@type\":\"ReadAction\",\"target\":[\"https:\/\/ushuaiaoutdoors.com.ar\/en\/our-team\/\"]}]},{\"@type\":\"BreadcrumbList\",\"@id\":\"https:\/\/ushuaiaoutdoors.com.ar\/en\/our-team\/#breadcrumb\",\"itemListElement\":[{\"@type\":\"ListItem\",\"position\":1,\"name\":\"Portada\",\"item\":\"http:\/\/localhost\/ushuaiaoutdoors.en\/\"},{\"@type\":\"ListItem\",\"position\":2,\"name\":\"OUR TEAM\"}]},{\"@type\":\"WebSite\",\"@id\":\"http:\/\/localhost\/ushuaiaoutdoors.en\/#website\",\"url\":\"http:\/\/localhost\/ushuaiaoutdoors.en\/\",\"name\":\"Ushuaia Outdoors\",\"description\":\"Excursiones en Argentina\",\"potentialAction\":[{\"@type\":\"SearchAction\",\"target\":{\"@type\":\"EntryPoint\",\"urlTemplate\":\"http:\/\/localhost\/ushuaiaoutdoors.en\/?s={search_term_string}\"},\"query-input\":\"required name=search_term_string\"}],\"inLanguage\":\"es\"}]}<\/script>\n<!-- \/ Yoast SEO plugin. -->","yoast_head_json":{"title":"OUR TEAM - Ushuaia Outdoors","robots":{"index":"index","follow":"follow","max-snippet":"max-snippet:-1","max-image-preview":"max-image-preview:large","max-video-preview":"max-video-preview:-1"},"canonical":"https:\/\/ushuaiaoutdoors.com.ar\/en\/our-team\/","og_locale":"es_ES","og_type":"article","og_title":"OUR TEAM - Ushuaia Outdoors","og_url":"https:\/\/ushuaiaoutdoors.com.ar\/en\/our-team\/","og_site_name":"Ushuaia Outdoors","article_modified_time":"2019-02-17T04:50:06+00:00","twitter_card":"summary_large_image","twitter_misc":{"Tiempo de lectura":"8 minutos"},"schema":{"@context":"https:\/\/schema.org","@graph":[{"@type":"WebPage","@id":"https:\/\/ushuaiaoutdoors.com.ar\/en\/our-team\/","url":"https:\/\/ushuaiaoutdoors.com.ar\/en\/our-team\/","name":"OUR TEAM - Ushuaia Outdoors","isPartOf":{"@id":"http:\/\/localhost\/ushuaiaoutdoors.en\/#website"},"datePublished":"2017-05-23T15:37:21+00:00","dateModified":"2019-02-17T04:50:06+00:00","breadcrumb":{"@id":"https:\/\/ushuaiaoutdoors.com.ar\/en\/our-team\/#breadcrumb"},"inLanguage":"es","potentialAction":[{"@type":"ReadAction","target":["https:\/\/ushuaiaoutdoors.com.ar\/en\/our-team\/"]}]},{"@type":"BreadcrumbList","@id":"https:\/\/ushuaiaoutdoors.com.ar\/en\/our-team\/#breadcrumb","itemListElement":[{"@type":"ListItem","position":1,"name":"Portada","item":"http:\/\/localhost\/ushuaiaoutdoors.en\/"},{"@type":"ListItem","position":2,"name":"OUR TEAM"}]},{"@type":"WebSite","@id":"http:\/\/localhost\/ushuaiaoutdoors.en\/#website","url":"http:\/\/localhost\/ushuaiaoutdoors.en\/","name":"Ushuaia Outdoors","description":"Excursiones en Argentina","potentialAction":[{"@type":"SearchAction","target":{"@type":"EntryPoint","urlTemplate":"http:\/\/localhost\/ushuaiaoutdoors.en\/?s={search_term_string}"},"query-input":"required name=search_term_string"}],"inLanguage":"es"}]}},"_links":{"self":[{"href":"https:\/\/ushuaiaoutdoors.com.ar\/en\/wp-json\/wp\/v2\/pages\/636"}],"collection":[{"href":"https:\/\/ushuaiaoutdoors.com.ar\/en\/wp-json\/wp\/v2\/pages"}],"about":[{"href":"https:\/\/ushuaiaoutdoors.com.ar\/en\/wp-json\/wp\/v2\/types\/page"}],"author":[{"embeddable":true,"href":"https:\/\/ushuaiaoutdoors.com.ar\/en\/wp-json\/wp\/v2\/users\/1"}],"replies":[{"embeddable":true,"href":"https:\/\/ushuaiaoutdoors.com.ar\/en\/wp-json\/wp\/v2\/comments?post=636"}],"version-history":[{"count":18,"href":"https:\/\/ushuaiaoutdoors.com.ar\/en\/wp-json\/wp\/v2\/pages\/636\/revisions"}],"predecessor-version":[{"id":1206,"href":"https:\/\/ushuaiaoutdoors.com.ar\/en\/wp-json\/wp\/v2\/pages\/636\/revisions\/1206"}],"wp:attachment":[{"href":"https:\/\/ushuaiaoutdoors.com.ar\/en\/wp-json\/wp\/v2\/media?parent=636"}],"curies":[{"name":"wp","href":"https:\/\/api.w.org\/{rel}","templated":true}]}}